{"id":71,"date":"2020-01-03T14:14:23","date_gmt":"2020-01-03T14:14:23","guid":{"rendered":"https:\/\/oceanadventures.dk\/?page_id=71"},"modified":"2021-06-20T17:34:30","modified_gmt":"2021-06-20T16:34:30","slug":"dykkercentre","status":"publish","type":"page","link":"https:\/\/oceanadventures.dk\/index.php\/dykkercentre\/","title":{"rendered":"Dykkercentre"},"content":{"rendered":"<p>Hos Ocean Adventures Dykkercenter holder vi en lang r\u00e6kke muligheder for dig der s\u00f8ger dykkeruddannelse, k\u00f8b af <a href=\"https:\/\/shop-diving2000.dk\/shop\/8-dykkerudstyr\/\">dykkerudstyr<\/a>, <a href=\"https:\/\/shop-diving2000.dk\/shop\/81-snorkeludstyr\/\">snorkeludstyr<\/a> og <a href=\"https:\/\/shop-diving2000.dk\/shop\/366-svoemmeudstyr\/\">sv\u00f8mmegrej<\/a> eller m\u00e5ske <a href=\"https:\/\/shop-diving2000.dk\/erhvervsdykkeruddannelse\/\">Erhvervsdykning<\/a>.<br \/>Eller d\u00f8mmer du bare om at at starte med dit f\u00f8rste <a href=\"https:\/\/shop-diving2000.dk\/shop\/151-open-water-diver-trin-1\/\">dykkerkursus<\/a>.<\/p>\n<p>&nbsp;<br \/>\n\t\t\t\t\t\t\t\t\t\t\t<a href=\"http:\/\/diving.dk\"><br \/>\n\t\t\t\t\t\t\t<img loading=\"lazy\" decoding=\"async\" width=\"176\" height=\"80\" src=\"https:\/\/oceanadventures.dk\/wp-content\/uploads\/2020\/01\/Divingdk_ny-ontop.png\" alt=\"\" \/>\t\t\t\t\t\t\t\t<\/a><br \/>\n\t\tDiving.dk er en internetbaseret dykkervirksomhed med speciale i dykning, snorkling og undervandsjagt. Webshoppen har eksisteret siden 2009, og er h\u00f8jt anerkendt med flotte anmeldelser og vurderingen \u201dFremragende\u201d p\u00e5 Trustpilot.<br \/>\nDiving.dk er forhandler og servicev\u00e6rksted for anerkendte m\u00e6rker som bl.a. Scubapro, Apeks, Aqualung og Suunto.<br \/>\n\t\t\t\t\t\t\t\t\t\t\t<a href=\"https:\/\/dykfyn.dk\"><br \/>\n\t\t\t\t\t\t\t<img loading=\"lazy\" decoding=\"async\" width=\"800\" height=\"224\" src=\"https:\/\/oceanadventures.dk\/wp-content\/uploads\/2020\/01\/dykfynlogoDIVING-ACADEMY-1024x287.png\" alt=\"\" srcset=\"https:\/\/oceanadventures.dk\/wp-content\/uploads\/2020\/01\/dykfynlogoDIVING-ACADEMY-1024x287.png 1024w, https:\/\/oceanadventures.dk\/wp-content\/uploads\/2020\/01\/dykfynlogoDIVING-ACADEMY-300x84.png 300w, https:\/\/oceanadventures.dk\/wp-content\/uploads\/2020\/01\/dykfynlogoDIVING-ACADEMY-768x215.png 768w, https:\/\/oceanadventures.dk\/wp-content\/uploads\/2020\/01\/dykfynlogoDIVING-ACADEMY.png 1049w\" sizes=\"auto, (max-width: 800px) 100vw, 800px\" \/>\t\t\t\t\t\t\t\t<\/a><\/p>\n<p>PADI dykkercenter og Butik med base i Nyborg p\u00e5 Fyn.<br \/>DykFyn har alt samlet under \u00e9t tag \u2013 Butik, kontorer, lager, undervisningslokaler og som et af de eneste dykkercentre i Danmark, egen in-house pool til uddannelse af dykkere p\u00e5 alle niveauer. Vi uddanner en masse dykkere- S\u00e5 vi du gerne have <a href=\"https:\/\/dykfyn.dk\/shop\/151-padi-open-water-diver-trin-1\/\">dykkerkursus<\/a>, s\u00e5 kontakt os endelig<br \/>Butikken og webshoppen forhandler kvalitetsudstyr fra bl.a. <a href=\"https:\/\/dykfyn.dk\/shop\/402-garmin-dykkercomputer\/\">Garmin<\/a>, Santi og Tusa. <br \/>Vi har et samarbejde med Diving 2000 om <a href=\"https:\/\/dykfyn.dk\/shop\/542-erhvervsdykkeruddannelse\/\">Erhvervsdykker kurser<\/a><\/p>\n<p>\t\t\t\t\t\t\t\t\t\t\t<a href=\"https:\/\/shop-diving2000.dk\"><br \/>\n\t\t\t\t\t\t\t<img loading=\"lazy\" decoding=\"async\" width=\"150\" height=\"150\" src=\"https:\/\/oceanadventures.dk\/wp-content\/uploads\/2020\/01\/LOGO-Diving-2000-Rund-blaa-baggrund-med-skygge-150x150.png\" alt=\"\" \/>\t\t\t\t\t\t\t\t<\/a><\/p>\n<p>Danmarks \u00e6ldste dykkercenter og butik, stiftet i 1982, og placeret i hjertet af Odense.<br \/>Dykkercenteret er h\u00f8jt anerkendt for sit store arbejde i den danske dykkerindustri, og har da ogs\u00e5 status som 5-stjernet PADI IDC Center. Diving2000 forhandler en lang r\u00e6kke anerkendte m\u00e6rker, og holder bl.a. distribut\u00f8r status hos Scubapro. Desuden forhandles blandt andre Waterproof, Suunto, <a href=\"https:\/\/shop-diving2000.dk\/shop\/402-garmin-dykkercomputer\/\">Garmin<\/a>, Apeks, <a href=\"https:\/\/shop-diving2000.dk\/shop\/50-indertoej-fra-fourth-element\/\">Fourth Element<\/a>, Santi, Aqualung, OceanReef og mange flere.<br \/>\u00d8nsker du dig <a href=\"https:\/\/shop-diving2000.dk\/erhvervsdykkeruddannelse\/\">Erhvervsdykker uddannelse<\/a> kan du ogs\u00e5 f\u00e5 dette i Diving 2000<br \/>Diving 2000 har ogs\u00e5 deres egen Padi Course Director som kan hj\u00e6lpe med uddannelse som <a href=\"https:\/\/shop-diving2000.dk\/shop\/154-divemaster--instruktoer\/5825-padi-idc-instruktoer-kursus\/\">dykkerinstrukt\u00f8r<\/a><br \/>Virksomheden er placeret h\u00f8jest p\u00e5 Trustpilot og holder E-m\u00e6rket, for tryg og sikker handel p\u00e5 nettet.<\/p>\n<p>\u00a0<br \/>\n\t\t\t\t\t\t\t\t\t\t\t<a href=\"http:\/\/odensedykkerklub.dk\/\"><br \/>\n\t\t\t\t\t\t\t<img decoding=\"async\" src=\"https:\/\/oceanadventures.dk\/wp-content\/uploads\/2020\/01\/odensedykkerklub-detail11.png\" title=\"odensedykkerklub-detail11\" alt=\"odensedykkerklub-detail11\" \/>\t\t\t\t\t\t\t\t<\/a><br \/>\n\t\tOdense Dykkerklub har base i Odense, og dykker prim\u00e6rt ved Fyns kyster. Dykkerklubben samarbejder med dykkercentrene Diving2000 A\/S, DykFyn og Fyns Dykkercenter.<br \/>\nKlubben dykker ofte og flere gange om ugen, og altid efter \u201dlaveste f\u00e6llesn\u00e6vner\u201d-princippet, s\u00e5 alle kan deltage p\u00e5 deres ture..<br \/>\n<br \/>\u2013 Du kan finde alt det de laver, i klubbens aktivitetskalender. Det er muligt at holde forskellige abonnementer, der selvsagt giver dig fordele, men det er ikke et krav, for at deltage p\u00e5 ture.<br \/>\n\t\t\t\t\t\t\t\t\t\t\t<a href=\"http:\/\/divetheworld.dk\/\"><br \/>\n\t\t\t\t\t\t\t<img loading=\"lazy\" decoding=\"async\" width=\"150\" height=\"150\" src=\"https:\/\/oceanadventures.dk\/wp-content\/uploads\/2020\/01\/DiveTheWorldLogoLilleHvidStroke-150x150.png\" alt=\"\" \/>\t\t\t\t\t\t\t\t<\/a><br \/>\n\t\tDive the World er et dansk rejsebureau, der udbyder eventyrlige dykkerejser til hele verden.<br \/>\n<br \/>Med mere end 30 \u00e5rs erfaring indenfor dykkerfaget, ved Divetheworld med garanti, hvad du s\u00f8ger og \u00f8nsker, n\u00e5r du er p\u00e5 udkig efter din kommende ferie.<br \/>\n<br \/>Sl\u00e5 dig l\u00f8s p\u00e5 deres side og find information blandt deres store udbud af rejser til hele verden.<br \/>\n\t\t\t\t\t\t\t\t\t\t\t<a href=\"https:\/\/diveresortfyn.dk\/\"><br \/>\n\t\t\t\t\t\t\t<img loading=\"lazy\" decoding=\"async\" width=\"150\" height=\"150\" src=\"https:\/\/oceanadventures.dk\/wp-content\/uploads\/2020\/01\/diveresortfyn_final_logo_RETINA-150x150.png\" alt=\"\" srcset=\"https:\/\/oceanadventures.dk\/wp-content\/uploads\/2020\/01\/diveresortfyn_final_logo_RETINA-150x150.png 150w, https:\/\/oceanadventures.dk\/wp-content\/uploads\/2020\/01\/diveresortfyn_final_logo_RETINA.png 280w\" sizes=\"auto, (max-width: 150px) 100vw, 150px\" \/>\t\t\t\t\t\t\t\t<\/a><br \/>\n\t\tSt\u00e5r ferien p\u00e5 dykning, og \u00f8nsker du en samlet pakke med ophold og oplevelser, s\u00e5 kig n\u00e6rmere p\u00e5 DiveResortFyns website.<br \/>\nDiveResortFyn har stor kendskab til, is\u00e6r vragdykning, omkring Fyns kyster og r\u00e5der over to store RIB-gummib\u00e5de, der ofte tager p\u00e5 udflugt. Desuden har DiveResortFyn samarbejde med en r\u00e6kke hoteller og overnatningsmuligheder, hvor du kan overnatte. P\u00e5 de fleste af hotellerne har DiveResortFyn endda udstationeret kompressorer, s\u00e5 du nemt og enkelt kan f\u00e5 fyldt flasker inden dagens eventyr.<\/p>\n","protected":false},"excerpt":{"rendered":"<p>Hos Ocean Adventures Dykkercenter holder vi en lang r\u00e6kke muligheder for dig der s\u00f8ger dykkeruddannelse, k\u00f8b af dykkerudstyr, snorkeludstyr og sv\u00f8mmegrej eller m\u00e5ske Erhvervsdykning.Eller d\u00f8mmer du bare om at at starte med dit f\u00f8rste dykkerkursus. &nbsp; Diving.dk er en internetbaseret dykkervirksomhed med speciale i dykning, snorkling og undervandsjagt. Webshoppen har eksisteret siden 2009, og er [&hellip;]<\/p>\n","protected":false},"author":1,"featured_media":0,"parent":0,"menu_order":0,"comment_status":"closed","ping_status":"closed","template":"","meta":{"gt_page_layout":"","gt_hide_page_title":false,"gt_remove_bottom_margin":false,"footnotes":""},"class_list":["post-71","page","type-page","status-publish","hentry"],"_links":{"self":[{"href":"https:\/\/oceanadventures.dk\/index.php\/wp-json\/wp\/v2\/pages\/71","targetHints":{"allow":["GET"]}}],"collection":[{"href":"https:\/\/oceanadventures.dk\/index.php\/wp-json\/wp\/v2\/pages"}],"about":[{"href":"https:\/\/oceanadventures.dk\/index.php\/wp-json\/wp\/v2\/types\/page"}],"author":[{"embeddable":true,"href":"https:\/\/oceanadventures.dk\/index.php\/wp-json\/wp\/v2\/users\/1"}],"replies":[{"embeddable":true,"href":"https:\/\/oceanadventures.dk\/index.php\/wp-json\/wp\/v2\/comments?post=71"}],"version-history":[{"count":19,"href":"https:\/\/oceanadventures.dk\/index.php\/wp-json\/wp\/v2\/pages\/71\/revisions"}],"predecessor-version":[{"id":136,"href":"https:\/\/oceanadventures.dk\/index.php\/wp-json\/wp\/v2\/pages\/71\/revisions\/136"}],"wp:attachment":[{"href":"https:\/\/oceanadventures.dk\/index.php\/wp-json\/wp\/v2\/media?parent=71"}],"curies":[{"name":"wp","href":"https:\/\/api.w.org\/{rel}","templated":true}]}}