{"id":14,"date":"2020-01-03T10:36:45","date_gmt":"2020-01-03T10:36:45","guid":{"rendered":"https:\/\/oceanadventures.dk\/?page_id=14"},"modified":"2020-02-13T15:01:58","modified_gmt":"2020-02-13T14:01:58","slug":"about","status":"publish","type":"page","link":"https:\/\/oceanadventures.dk\/index.php\/about\/","title":{"rendered":"Om Ocean Adventures"},"content":{"rendered":"<p>Ocean Adventures er et prisbel\u00f8nnet dykkercenter med oprindelse i trekantsomr\u00e5det. Dykkercenterets historie tr\u00e6kker r\u00f8dder helt tilbage til 2007, hvor salg af udstyr, uddannelse af dykkere og r\u00e5dgivning har dannet fundamentet til, at befinde sig blandt eliten af dykkercentre i Danmark.<\/p>\n<p>Da det oprindelige og vellidte dykkercenter Ocean Adventures i efter\u00e5ret 2019 beg\u00e6rede sig selv konkurs, overtog vi platformen, s\u00e5 du ogs\u00e5 i fremtiden kan uddanne dig og k\u00f8be kvalitets udstyr nemt og enkelt.<\/p>\n<p>Vi f\u00f8rer \u00e5nden videre, og vil bl.a. i fremtiden videref\u00f8re sproget Lilleb\u00e6lt\u2019sk, og sikre at kvalitet, sikkerhed og eventyr g\u00e5r h\u00e5nd i h\u00e5nd.<\/p>\n<p>Under fanen \u201dDykkercentre\u201d kan du se, hvilke centre vi anbefaler dig at bes\u00f8ge.<\/p>\n<p>Vi gl\u00e6der os til, at hj\u00e6lpe dig godt p\u00e5 vej, eller videre, i den store dykkerverden.<\/p>\n","protected":false},"excerpt":{"rendered":"<p>Ocean Adventures er et prisbel\u00f8nnet dykkercenter med oprindelse i trekantsomr\u00e5det. Dykkercenterets historie tr\u00e6kker r\u00f8dder helt tilbage til 2007, hvor salg af udstyr, uddannelse af dykkere og r\u00e5dgivning har dannet fundamentet til, at befinde sig blandt eliten af dykkercentre i Danmark. Da det oprindelige og vellidte dykkercenter Ocean Adventures i efter\u00e5ret 2019 beg\u00e6rede sig selv konkurs, [&hellip;]<\/p>\n","protected":false},"author":1,"featured_media":0,"parent":0,"menu_order":0,"comment_status":"closed","ping_status":"closed","template":"","meta":{"gt_page_layout":"","gt_hide_page_title":false,"gt_remove_bottom_margin":false,"footnotes":""},"class_list":["post-14","page","type-page","status-publish","hentry"],"_links":{"self":[{"href":"https:\/\/oceanadventures.dk\/index.php\/wp-json\/wp\/v2\/pages\/14","targetHints":{"allow":["GET"]}}],"collection":[{"href":"https:\/\/oceanadventures.dk\/index.php\/wp-json\/wp\/v2\/pages"}],"about":[{"href":"https:\/\/oceanadventures.dk\/index.php\/wp-json\/wp\/v2\/types\/page"}],"author":[{"embeddable":true,"href":"https:\/\/oceanadventures.dk\/index.php\/wp-json\/wp\/v2\/users\/1"}],"replies":[{"embeddable":true,"href":"https:\/\/oceanadventures.dk\/index.php\/wp-json\/wp\/v2\/comments?post=14"}],"version-history":[{"count":5,"href":"https:\/\/oceanadventures.dk\/index.php\/wp-json\/wp\/v2\/pages\/14\/revisions"}],"predecessor-version":[{"id":84,"href":"https:\/\/oceanadventures.dk\/index.php\/wp-json\/wp\/v2\/pages\/14\/revisions\/84"}],"wp:attachment":[{"href":"https:\/\/oceanadventures.dk\/index.php\/wp-json\/wp\/v2\/media?parent=14"}],"curies":[{"name":"wp","href":"https:\/\/api.w.org\/{rel}","templated":true}]}}